{"id":2642339,"date":"2025-01-22T04:08:41","date_gmt":"2025-01-22T03:08:41","guid":{"rendered":"https:\/\/www.catamania.com\/nous-rejoindre\/"},"modified":"2025-02-05T12:11:13","modified_gmt":"2025-02-05T11:11:13","slug":"jobs","status":"publish","type":"page","link":"https:\/\/www.catamania.com\/en\/jobs\/","title":{"rendered":"Join us"},"content":{"rendered":"","protected":false},"excerpt":{"rendered":"","protected":false},"author":1,"featured_media":0,"parent":0,"menu_order":0,"comment_status":"closed","ping_status":"closed","template":"template-recrutement.php","meta":{"_acf_changed":false,"content-type":"","footnotes":""},"class_list":["post-2642339","page","type-page","status-publish","hentry"],"acf":{"section_1":{"title":"<span class=\"fw-light\">Find <\/span> a job\r\n <span class=\"blue\"><span class=\"fw-light\">that <\/span> suits you <\/span>","description_sous_titre":"Joining Catamania means joining an adventure in which each talent finds its place and participates in a common ambition. Our strength lies in the diversity of our expertise, our local roots and our forward-looking vision.\r\nFind the opportunity that matches your aspirations and become an actor in a project that combines proximity, innovation and development.\r\n\r\nWe each have a place to hold and a role to play in the digital transformation of our clients. You have a place and a role waiting for you at Catamania!"},"section_2":{"logo":{"ID":2639567,"id":2639567,"title":"&vous","filename":"vous.png","filesize":180749,"url":"https:\/\/www.catamania.com\/wp-content\/uploads\/2024\/12\/vous.png","link":"https:\/\/www.catamania.com\/en\/jobs\/vous-2\/","alt":"Logo catamania \"Et vous\"","author":"28","description":"","caption":"","name":"vous-2","status":"inherit","uploaded_to":2642339,"date":"2024-12-13 16:27:54","modified":"2025-06-16 14:52:44","menu_order":0,"mime_type":"image\/png","type":"image","subtype":"png","icon":"https:\/\/www.catamania.com\/wp-includes\/images\/media\/default.png","width":2542,"height":2481,"sizes":{"thumbnail":"https:\/\/www.catamania.com\/wp-content\/uploads\/2024\/12\/vous-500x488.png","thumbnail-width":500,"thumbnail-height":488,"medium":"https:\/\/www.catamania.com\/wp-content\/uploads\/2024\/12\/vous-1000x976.png","medium-width":1000,"medium-height":976,"medium_large":"https:\/\/www.catamania.com\/wp-content\/uploads\/2024\/12\/vous-768x750.png","medium_large-width":768,"medium_large-height":750,"large":"https:\/\/www.catamania.com\/wp-content\/uploads\/2024\/12\/vous-2000x1952.png","large-width":2000,"large-height":1952,"1536x1536":"https:\/\/www.catamania.com\/wp-content\/uploads\/2024\/12\/vous-1536x1499.png","1536x1536-width":1536,"1536x1536-height":1499,"2048x2048":"https:\/\/www.catamania.com\/wp-content\/uploads\/2024\/12\/vous-2048x1999.png","2048x2048-width":2048,"2048x2048-height":1999}},"titre":"<span class=\"fw-light\">Catamania,<\/span>work together <br> <span class=\"blue\">makes sense<\/span>","description":"The digital era calls for a world of all connected. Together, let's make an irremediable a source of balance that combines the useful with the profitable.\r\n<br>\r\nWe strive for you..."},"section_3":{"logo":{"ID":2642630,"id":2642630,"title":"Logo Umania visuel","filename":"Logo-Umania-visuel.png","filesize":1106999,"url":"https:\/\/www.catamania.com\/wp-content\/uploads\/2025\/01\/Logo-Umania-visuel.png","link":"https:\/\/www.catamania.com\/en\/jobs\/logo-umania-visuel-2\/","alt":"Notre programme Umania","author":"28","description":"","caption":"","name":"logo-umania-visuel-2","status":"inherit","uploaded_to":2642339,"date":"2025-01-27 15:09:22","modified":"2025-06-16 14:53:06","menu_order":0,"mime_type":"image\/png","type":"image","subtype":"png","icon":"https:\/\/www.catamania.com\/wp-includes\/images\/media\/default.png","width":1363,"height":771,"sizes":{"thumbnail":"https:\/\/www.catamania.com\/wp-content\/uploads\/2025\/01\/Logo-Umania-visuel-500x283.png","thumbnail-width":500,"thumbnail-height":283,"medium":"https:\/\/www.catamania.com\/wp-content\/uploads\/2025\/01\/Logo-Umania-visuel-1000x566.png","medium-width":1000,"medium-height":566,"medium_large":"https:\/\/www.catamania.com\/wp-content\/uploads\/2025\/01\/Logo-Umania-visuel-768x434.png","medium_large-width":768,"medium_large-height":434,"large":"https:\/\/www.catamania.com\/wp-content\/uploads\/2025\/01\/Logo-Umania-visuel.png","large-width":1363,"large-height":771,"1536x1536":"https:\/\/www.catamania.com\/wp-content\/uploads\/2025\/01\/Logo-Umania-visuel.png","1536x1536-width":1363,"1536x1536-height":771,"2048x2048":"https:\/\/www.catamania.com\/wp-content\/uploads\/2025\/01\/Logo-Umania-visuel.png","2048x2048-width":1363,"2048x2048-height":771}},"titre":"<span class=\"fw-light\">Human <\/span> Richness <br>  <span class=\"blue\"><span class=\"fw-light\">for collective<\/span> Progress*<\/span>","description":"<p>At Catamania, we believe that continuous improvement is essential to building a fulfilling and sustainable work environment. It is in this spirit that Umania was born, our multi-year corporate program launched in February 2024.<\/p>\n<p>This ambitious program aims to transform every step of our employees&#8217; experience. Guided by the Kaizen philosophy &#8211; a Japanese method based on constant improvement &#8211; Umania is based on two types of actions:<\/p>\n<p>&#8220;Velvet steps&#8221;, rapid initiatives that bring immediate benefits on a daily basis.<\/p>\n<p>&#8220;Giant steps&#8221;, structuring projects that profoundly transform our practices in the long term.<\/p>\n<p>Through Umania, we reaffirm our commitment to our employees by placing Human Wealth at the service of Collective Progress*.<\/p>\n<p>Whether it is strengthening our tools, improving our processes or promoting the personal and professional development of each person, each action is designed to create a positive and lasting impact.<\/p>\n<p>This program reflects our vision: to offer a work environment where everyone can flourish while contributing to an ambitious collective dynamic.<\/p>\n<p>With Umania, we are building together a more human future, resolutely focused on excellence.<\/p>\n","image":{"ID":2642633,"id":2642633,"title":"Visuel Umania","filename":"Visuel-Umania.png","filesize":2457302,"url":"https:\/\/www.catamania.com\/wp-content\/uploads\/2025\/01\/Visuel-Umania.png","link":"https:\/\/www.catamania.com\/en\/jobs\/visuel-umania-2\/","alt":"Equipe Umania","author":"28","description":"","caption":"","name":"visuel-umania-2","status":"inherit","uploaded_to":2642339,"date":"2025-01-27 15:10:14","modified":"2025-06-16 14:53:17","menu_order":0,"mime_type":"image\/png","type":"image","subtype":"png","icon":"https:\/\/www.catamania.com\/wp-includes\/images\/media\/default.png","width":1297,"height":864,"sizes":{"thumbnail":"https:\/\/www.catamania.com\/wp-content\/uploads\/2025\/01\/Visuel-Umania-500x333.png","thumbnail-width":500,"thumbnail-height":333,"medium":"https:\/\/www.catamania.com\/wp-content\/uploads\/2025\/01\/Visuel-Umania-1000x666.png","medium-width":1000,"medium-height":666,"medium_large":"https:\/\/www.catamania.com\/wp-content\/uploads\/2025\/01\/Visuel-Umania-768x512.png","medium_large-width":768,"medium_large-height":512,"large":"https:\/\/www.catamania.com\/wp-content\/uploads\/2025\/01\/Visuel-Umania.png","large-width":1297,"large-height":864,"1536x1536":"https:\/\/www.catamania.com\/wp-content\/uploads\/2025\/01\/Visuel-Umania.png","1536x1536-width":1297,"1536x1536-height":864,"2048x2048":"https:\/\/www.catamania.com\/wp-content\/uploads\/2025\/01\/Visuel-Umania.png","2048x2048-width":1297,"2048x2048-height":864}}},"section_4":{"title":"<span class=\"fw-light\">Partout,<\/span> une\r\nopportunit\u00e9\r\n<span class=\"blue fw-light\">vous <span>attend<\/span><\/span>","text":"Avec des agences partout en France et \u00e0 l\u2019international, Catamania vous ouvre les portes d\u2019une carri\u00e8re riche en opportunit\u00e9s et en d\u00e9fis. Ici, chaque projet est une aventure, chaque implantation, une chance d\u2019\u00e9largir vos horizons. Faites le choix d\u2019un avenir qui vous ressemble."},"background_image":{"ID":2638402,"id":2638402,"title":"caroussel-image-3","filename":"caroussel-image-3.jpg","filesize":6931332,"url":"https:\/\/www.catamania.com\/wp-content\/uploads\/2024\/11\/caroussel-image-3.jpg","link":"https:\/\/www.catamania.com\/en\/home\/caroussel-image-3-2\/","alt":"","author":"22","description":"","caption":"","name":"caroussel-image-3-2","status":"inherit","uploaded_to":2642335,"date":"2024-11-20 15:10:52","modified":"2025-01-22 03:07:25","menu_order":0,"mime_type":"image\/jpeg","type":"image","subtype":"jpeg","icon":"https:\/\/www.catamania.com\/wp-includes\/images\/media\/default.png","width":4096,"height":2652,"sizes":{"thumbnail":"https:\/\/www.catamania.com\/wp-content\/uploads\/2024\/11\/caroussel-image-3.jpg","thumbnail-width":500,"thumbnail-height":324,"medium":"https:\/\/www.catamania.com\/wp-content\/uploads\/2024\/11\/caroussel-image-3.jpg","medium-width":1000,"medium-height":647,"medium_large":"https:\/\/www.catamania.com\/wp-content\/uploads\/2024\/11\/caroussel-image-3.jpg","medium_large-width":768,"medium_large-height":497,"large":"https:\/\/www.catamania.com\/wp-content\/uploads\/2024\/11\/caroussel-image-3.jpg","large-width":2000,"large-height":1295,"1536x1536":"https:\/\/www.catamania.com\/wp-content\/uploads\/2024\/11\/caroussel-image-3.jpg","1536x1536-width":1536,"1536x1536-height":995,"2048x2048":"https:\/\/www.catamania.com\/wp-content\/uploads\/2024\/11\/caroussel-image-3.jpg","2048x2048-width":2048,"2048x2048-height":1326}}},"yoast_head":"<!-- This site is optimized with the Yoast SEO Premium plugin v27.5 (Yoast SEO v27.5) - https:\/\/yoast.com\/product\/yoast-seo-premium-wordpress\/ -->\n<title>Join us - Catamania<\/title>\n<meta name=\"robots\" content=\"index, follow, max-snippet:-1, max-image-preview:large, max-video-preview:-1\" \/>\n<link rel=\"canonical\" href=\"https:\/\/www.catamania.com\/en\/jobs\/\" \/>\n<meta property=\"og:locale\" content=\"en_US\" \/>\n<meta property=\"og:type\" content=\"article\" \/>\n<meta property=\"og:title\" content=\"Join us\" \/>\n<meta property=\"og:url\" content=\"https:\/\/www.catamania.com\/en\/jobs\/\" \/>\n<meta property=\"og:site_name\" content=\"Catamania\" \/>\n<meta property=\"article:modified_time\" content=\"2025-02-05T11:11:13+00:00\" \/>\n<meta name=\"twitter:card\" content=\"summary_large_image\" \/>\n<meta name=\"twitter:label1\" content=\"Est. reading time\" \/>\n\t<meta name=\"twitter:data1\" content=\"3 minutes\" \/>\n<script type=\"application\/ld+json\" class=\"yoast-schema-graph\">{\"@context\":\"https:\\\/\\\/schema.org\",\"@graph\":[{\"@type\":\"WebPage\",\"@id\":\"https:\\\/\\\/www.catamania.com\\\/en\\\/jobs\\\/\",\"url\":\"https:\\\/\\\/www.catamania.com\\\/en\\\/jobs\\\/\",\"name\":\"Join us - Catamania\",\"isPartOf\":{\"@id\":\"https:\\\/\\\/www.catamania.com\\\/en\\\/#website\"},\"datePublished\":\"2025-01-22T03:08:41+00:00\",\"dateModified\":\"2025-02-05T11:11:13+00:00\",\"inLanguage\":\"en-US\",\"potentialAction\":[{\"@type\":\"ReadAction\",\"target\":[\"https:\\\/\\\/www.catamania.com\\\/en\\\/jobs\\\/\"]}]},{\"@type\":\"WebSite\",\"@id\":\"https:\\\/\\\/www.catamania.com\\\/en\\\/#website\",\"url\":\"https:\\\/\\\/www.catamania.com\\\/en\\\/\",\"name\":\"Catamania\",\"description\":\"IT consulting and services\",\"potentialAction\":[{\"@type\":\"SearchAction\",\"target\":{\"@type\":\"EntryPoint\",\"urlTemplate\":\"https:\\\/\\\/www.catamania.com\\\/en\\\/?s={search_term_string}\"},\"query-input\":{\"@type\":\"PropertyValueSpecification\",\"valueRequired\":true,\"valueName\":\"search_term_string\"}}],\"inLanguage\":\"en-US\"}]}<\/script>\n<!-- \/ Yoast SEO Premium plugin. -->","yoast_head_json":{"title":"Join us - Catamania","robots":{"index":"index","follow":"follow","max-snippet":"max-snippet:-1","max-image-preview":"max-image-preview:large","max-video-preview":"max-video-preview:-1"},"canonical":"https:\/\/www.catamania.com\/en\/jobs\/","og_locale":"en_US","og_type":"article","og_title":"Join us","og_url":"https:\/\/www.catamania.com\/en\/jobs\/","og_site_name":"Catamania","article_modified_time":"2025-02-05T11:11:13+00:00","twitter_card":"summary_large_image","twitter_misc":{"Est. reading time":"3 minutes"},"schema":{"@context":"https:\/\/schema.org","@graph":[{"@type":"WebPage","@id":"https:\/\/www.catamania.com\/en\/jobs\/","url":"https:\/\/www.catamania.com\/en\/jobs\/","name":"Join us - Catamania","isPartOf":{"@id":"https:\/\/www.catamania.com\/en\/#website"},"datePublished":"2025-01-22T03:08:41+00:00","dateModified":"2025-02-05T11:11:13+00:00","inLanguage":"en-US","potentialAction":[{"@type":"ReadAction","target":["https:\/\/www.catamania.com\/en\/jobs\/"]}]},{"@type":"WebSite","@id":"https:\/\/www.catamania.com\/en\/#website","url":"https:\/\/www.catamania.com\/en\/","name":"Catamania","description":"IT consulting and services","potentialAction":[{"@type":"SearchAction","target":{"@type":"EntryPoint","urlTemplate":"https:\/\/www.catamania.com\/en\/?s={search_term_string}"},"query-input":{"@type":"PropertyValueSpecification","valueRequired":true,"valueName":"search_term_string"}}],"inLanguage":"en-US"}]}},"ACF":{"section_1":{"title":"<span class=\"fw-light\">Find <\/span> a job\r\n <span class=\"blue\"><span class=\"fw-light\">that <\/span> suits you <\/span>","description_sous_titre":"Joining Catamania means joining an adventure in which each talent finds its place and participates in a common ambition. Our strength lies in the diversity of our expertise, our local roots and our forward-looking vision.\r\nFind the opportunity that matches your aspirations and become an actor in a project that combines proximity, innovation and development.\r\n\r\nWe each have a place to hold and a role to play in the digital transformation of our clients. You have a place and a role waiting for you at Catamania!"},"section_2":{"logo":{"ID":2639567,"id":2639567,"title":"&vous","filename":"vous.png","filesize":180749,"url":"https:\/\/www.catamania.com\/wp-content\/uploads\/2024\/12\/vous.png","link":"https:\/\/www.catamania.com\/en\/jobs\/vous-2\/","alt":"Logo catamania \"Et vous\"","author":"28","description":"","caption":"","name":"vous-2","status":"inherit","uploaded_to":2642339,"date":"2024-12-13 16:27:54","modified":"2025-06-16 14:52:44","menu_order":0,"mime_type":"image\/png","type":"image","subtype":"png","icon":"https:\/\/www.catamania.com\/wp-includes\/images\/media\/default.png","width":2542,"height":2481,"sizes":{"thumbnail":"https:\/\/www.catamania.com\/wp-content\/uploads\/2024\/12\/vous-500x488.png","thumbnail-width":500,"thumbnail-height":488,"medium":"https:\/\/www.catamania.com\/wp-content\/uploads\/2024\/12\/vous-1000x976.png","medium-width":1000,"medium-height":976,"medium_large":"https:\/\/www.catamania.com\/wp-content\/uploads\/2024\/12\/vous-768x750.png","medium_large-width":768,"medium_large-height":750,"large":"https:\/\/www.catamania.com\/wp-content\/uploads\/2024\/12\/vous-2000x1952.png","large-width":2000,"large-height":1952,"1536x1536":"https:\/\/www.catamania.com\/wp-content\/uploads\/2024\/12\/vous-1536x1499.png","1536x1536-width":1536,"1536x1536-height":1499,"2048x2048":"https:\/\/www.catamania.com\/wp-content\/uploads\/2024\/12\/vous-2048x1999.png","2048x2048-width":2048,"2048x2048-height":1999}},"titre":"<span class=\"fw-light\">Catamania,<\/span>work together <br> <span class=\"blue\">makes sense<\/span>","description":"The digital era calls for a world of all connected. Together, let's make an irremediable a source of balance that combines the useful with the profitable.\r\n<br>\r\nWe strive for you..."},"section_3":{"logo":{"ID":2642630,"id":2642630,"title":"Logo Umania visuel","filename":"Logo-Umania-visuel.png","filesize":1106999,"url":"https:\/\/www.catamania.com\/wp-content\/uploads\/2025\/01\/Logo-Umania-visuel.png","link":"https:\/\/www.catamania.com\/en\/jobs\/logo-umania-visuel-2\/","alt":"Notre programme Umania","author":"28","description":"","caption":"","name":"logo-umania-visuel-2","status":"inherit","uploaded_to":2642339,"date":"2025-01-27 15:09:22","modified":"2025-06-16 14:53:06","menu_order":0,"mime_type":"image\/png","type":"image","subtype":"png","icon":"https:\/\/www.catamania.com\/wp-includes\/images\/media\/default.png","width":1363,"height":771,"sizes":{"thumbnail":"https:\/\/www.catamania.com\/wp-content\/uploads\/2025\/01\/Logo-Umania-visuel-500x283.png","thumbnail-width":500,"thumbnail-height":283,"medium":"https:\/\/www.catamania.com\/wp-content\/uploads\/2025\/01\/Logo-Umania-visuel-1000x566.png","medium-width":1000,"medium-height":566,"medium_large":"https:\/\/www.catamania.com\/wp-content\/uploads\/2025\/01\/Logo-Umania-visuel-768x434.png","medium_large-width":768,"medium_large-height":434,"large":"https:\/\/www.catamania.com\/wp-content\/uploads\/2025\/01\/Logo-Umania-visuel.png","large-width":1363,"large-height":771,"1536x1536":"https:\/\/www.catamania.com\/wp-content\/uploads\/2025\/01\/Logo-Umania-visuel.png","1536x1536-width":1363,"1536x1536-height":771,"2048x2048":"https:\/\/www.catamania.com\/wp-content\/uploads\/2025\/01\/Logo-Umania-visuel.png","2048x2048-width":1363,"2048x2048-height":771}},"titre":"<span class=\"fw-light\">Human <\/span> Richness <br>  <span class=\"blue\"><span class=\"fw-light\">for collective<\/span> Progress*<\/span>","description":"<p>At Catamania, we believe that continuous improvement is essential to building a fulfilling and sustainable work environment. It is in this spirit that Umania was born, our multi-year corporate program launched in February 2024.<\/p>\n<p>This ambitious program aims to transform every step of our employees&#8217; experience. Guided by the Kaizen philosophy &#8211; a Japanese method based on constant improvement &#8211; Umania is based on two types of actions:<\/p>\n<p>&#8220;Velvet steps&#8221;, rapid initiatives that bring immediate benefits on a daily basis.<\/p>\n<p>&#8220;Giant steps&#8221;, structuring projects that profoundly transform our practices in the long term.<\/p>\n<p>Through Umania, we reaffirm our commitment to our employees by placing Human Wealth at the service of Collective Progress*.<\/p>\n<p>Whether it is strengthening our tools, improving our processes or promoting the personal and professional development of each person, each action is designed to create a positive and lasting impact.<\/p>\n<p>This program reflects our vision: to offer a work environment where everyone can flourish while contributing to an ambitious collective dynamic.<\/p>\n<p>With Umania, we are building together a more human future, resolutely focused on excellence.<\/p>\n","image":{"ID":2642633,"id":2642633,"title":"Visuel Umania","filename":"Visuel-Umania.png","filesize":2457302,"url":"https:\/\/www.catamania.com\/wp-content\/uploads\/2025\/01\/Visuel-Umania.png","link":"https:\/\/www.catamania.com\/en\/jobs\/visuel-umania-2\/","alt":"Equipe Umania","author":"28","description":"","caption":"","name":"visuel-umania-2","status":"inherit","uploaded_to":2642339,"date":"2025-01-27 15:10:14","modified":"2025-06-16 14:53:17","menu_order":0,"mime_type":"image\/png","type":"image","subtype":"png","icon":"https:\/\/www.catamania.com\/wp-includes\/images\/media\/default.png","width":1297,"height":864,"sizes":{"thumbnail":"https:\/\/www.catamania.com\/wp-content\/uploads\/2025\/01\/Visuel-Umania-500x333.png","thumbnail-width":500,"thumbnail-height":333,"medium":"https:\/\/www.catamania.com\/wp-content\/uploads\/2025\/01\/Visuel-Umania-1000x666.png","medium-width":1000,"medium-height":666,"medium_large":"https:\/\/www.catamania.com\/wp-content\/uploads\/2025\/01\/Visuel-Umania-768x512.png","medium_large-width":768,"medium_large-height":512,"large":"https:\/\/www.catamania.com\/wp-content\/uploads\/2025\/01\/Visuel-Umania.png","large-width":1297,"large-height":864,"1536x1536":"https:\/\/www.catamania.com\/wp-content\/uploads\/2025\/01\/Visuel-Umania.png","1536x1536-width":1297,"1536x1536-height":864,"2048x2048":"https:\/\/www.catamania.com\/wp-content\/uploads\/2025\/01\/Visuel-Umania.png","2048x2048-width":1297,"2048x2048-height":864}}},"section_4":{"title":"<span class=\"fw-light\">Partout,<\/span> une\r\nopportunit\u00e9\r\n<span class=\"blue fw-light\">vous <span>attend<\/span><\/span>","text":"Avec des agences partout en France et \u00e0 l\u2019international, Catamania vous ouvre les portes d\u2019une carri\u00e8re riche en opportunit\u00e9s et en d\u00e9fis. Ici, chaque projet est une aventure, chaque implantation, une chance d\u2019\u00e9largir vos horizons. Faites le choix d\u2019un avenir qui vous ressemble."},"background_image":{"ID":2638402,"id":2638402,"title":"caroussel-image-3","filename":"caroussel-image-3.jpg","filesize":6931332,"url":"https:\/\/www.catamania.com\/wp-content\/uploads\/2024\/11\/caroussel-image-3.jpg","link":"https:\/\/www.catamania.com\/en\/home\/caroussel-image-3-2\/","alt":"","author":"22","description":"","caption":"","name":"caroussel-image-3-2","status":"inherit","uploaded_to":2642335,"date":"2024-11-20 15:10:52","modified":"2025-01-22 03:07:25","menu_order":0,"mime_type":"image\/jpeg","type":"image","subtype":"jpeg","icon":"https:\/\/www.catamania.com\/wp-includes\/images\/media\/default.png","width":4096,"height":2652,"sizes":{"thumbnail":"https:\/\/www.catamania.com\/wp-content\/uploads\/2024\/11\/caroussel-image-3.jpg","thumbnail-width":500,"thumbnail-height":324,"medium":"https:\/\/www.catamania.com\/wp-content\/uploads\/2024\/11\/caroussel-image-3.jpg","medium-width":1000,"medium-height":647,"medium_large":"https:\/\/www.catamania.com\/wp-content\/uploads\/2024\/11\/caroussel-image-3.jpg","medium_large-width":768,"medium_large-height":497,"large":"https:\/\/www.catamania.com\/wp-content\/uploads\/2024\/11\/caroussel-image-3.jpg","large-width":2000,"large-height":1295,"1536x1536":"https:\/\/www.catamania.com\/wp-content\/uploads\/2024\/11\/caroussel-image-3.jpg","1536x1536-width":1536,"1536x1536-height":995,"2048x2048":"https:\/\/www.catamania.com\/wp-content\/uploads\/2024\/11\/caroussel-image-3.jpg","2048x2048-width":2048,"2048x2048-height":1326}}},"_links":{"self":[{"href":"https:\/\/www.catamania.com\/en\/wp-json\/wp\/v2\/pages\/2642339","targetHints":{"allow":["GET"]}}],"collection":[{"href":"https:\/\/www.catamania.com\/en\/wp-json\/wp\/v2\/pages"}],"about":[{"href":"https:\/\/www.catamania.com\/en\/wp-json\/wp\/v2\/types\/page"}],"author":[{"embeddable":true,"href":"https:\/\/www.catamania.com\/en\/wp-json\/wp\/v2\/users\/1"}],"replies":[{"embeddable":true,"href":"https:\/\/www.catamania.com\/en\/wp-json\/wp\/v2\/comments?post=2642339"}],"version-history":[{"count":4,"href":"https:\/\/www.catamania.com\/en\/wp-json\/wp\/v2\/pages\/2642339\/revisions"}],"predecessor-version":[{"id":2642969,"href":"https:\/\/www.catamania.com\/en\/wp-json\/wp\/v2\/pages\/2642339\/revisions\/2642969"}],"wp:attachment":[{"href":"https:\/\/www.catamania.com\/en\/wp-json\/wp\/v2\/media?parent=2642339"}],"curies":[{"name":"wp","href":"https:\/\/api.w.org\/{rel}","templated":true}]}}